{"id":4794,"date":"2025-02-18T22:46:54","date_gmt":"2025-02-19T03:46:54","guid":{"rendered":"https:\/\/wordpress-403092-5166656.cloudwaysapps.com\/?page_id=4794"},"modified":"2025-02-21T20:08:50","modified_gmt":"2025-02-22T01:08:50","slug":"valued-partnership","status":"publish","type":"page","link":"https:\/\/corpo.cabico.com\/fr\/valued-partnership\/","title":{"rendered":"Devenez un d\u00e9taillant"},"content":{"rendered":"<section class=\"wp-block-piney-home-hero-section home-hero-section\" style=\"--hero-section-height:600px\"> <img loading=\"lazy\" decoding=\"async\" width=\"1920\" height=\"720\" src=\"https:\/\/corpo.cabico.com\/wp-content\/uploads\/cabicoco-value-header.webp\" class=\"home-hero-bg-img wp-image-5255\" style=\"--hero-section-height:600px\" alt=\"cabicoco value header\" srcset=\"https:\/\/corpo.cabico.com\/wp-content\/uploads\/cabicoco-value-header.webp 1920w, https:\/\/corpo.cabico.com\/wp-content\/uploads\/cabicoco-value-header-300x113.webp 300w, https:\/\/corpo.cabico.com\/wp-content\/uploads\/cabicoco-value-header-1024x384.webp 1024w, https:\/\/corpo.cabico.com\/wp-content\/uploads\/cabicoco-value-header-768x288.webp 768w, https:\/\/corpo.cabico.com\/wp-content\/uploads\/cabicoco-value-header-1536x576.webp 1536w, https:\/\/corpo.cabico.com\/wp-content\/uploads\/cabicoco-value-header-18x7.webp 18w\" sizes=\"auto, (max-width: 1920px) 100vw, 1920px\" \/> <div class=\"py-container\"> <div class=\"home-hero-wrapper\">\n<h1 class=\"py-text\" style=\"--py-max-width:600px\">Plus forts les uns que les autres<\/h1>\n<\/div> <\/div> <\/section>\n\n\n\n<section class=\"wp-block-piney-who-we-are-section about-who-we-are\" style=\"min-height:700px\"> <div class=\"py-container\"> <div class=\"about-who-we-are-content\">\n<div class=\"py-flex py-gap\" style=\"--py-gap-value:var(--py-content-gap)\">\n<h2 class=\"py-text\">Vous donner le meilleur de nous-m\u00eames<\/h2>\n\n\n\n<p class=\"py-text\">Nous vous aidons \u00e0 obtenir des r\u00e9sultats que peu d'\u00e9b\u00e9nistes peuvent \u00e9galer. C'est pourquoi nous vous donnons le meilleur de nous-m\u00eames, chaque jour. Pour alimenter notre succ\u00e8s commun.<\/p>\n<\/div>\n<\/div> <\/div> <img loading=\"lazy\" decoding=\"async\" width=\"1200\" height=\"840\" src=\"https:\/\/corpo.cabico.com\/wp-content\/uploads\/cabicoco-value.webp\" class=\"about-who-we-are-img wp-image-5258\" alt=\"cabicoco value\" srcset=\"https:\/\/corpo.cabico.com\/wp-content\/uploads\/cabicoco-value.webp 1200w, https:\/\/corpo.cabico.com\/wp-content\/uploads\/cabicoco-value-300x210.webp 300w, https:\/\/corpo.cabico.com\/wp-content\/uploads\/cabicoco-value-1024x717.webp 1024w, https:\/\/corpo.cabico.com\/wp-content\/uploads\/cabicoco-value-768x538.webp 768w, https:\/\/corpo.cabico.com\/wp-content\/uploads\/cabicoco-value-18x12.webp 18w\" sizes=\"auto, (max-width: 1200px) 100vw, 1200px\" \/> <\/section>\n\n\n\n<section class=\"py-flex py-gap py-section py-background-color-3\" style=\"--py-gap-value:var(--py-section-gap)\">\n<div class=\"py-container py-flex py-gap\" style=\"--py-gap-value:var(--py-container-gap);--py-container-width:1000px;--py-align-items:center\">\n<div class=\"py-flex py-gap\" style=\"--py-gap-value:var(--py-content-gap);--py-align-items:center;--py-justify-content:center;max-width:930px\">\n<h2 class=\"py-text\" style=\"--py-text-align:center\">Une valeur ajout\u00e9e incroyable<\/h2>\n\n\n\n<p class=\"py-text\" style=\"--py-text-align:center\">Vous souhaitez vous associer \u00e0 un \u00e9b\u00e9niste de premier plan ? N'h\u00e9sitez pas \u00e0 nous contacter. En attendant, d\u00e9couvrez comment nous alimentons le succ\u00e8s de centaines de revendeurs comme vous.<br><a href=\"https:\/\/corpo.cabico.com\/en\/become-a-dealer\/\"><\/a><br><\/p>\n\n\n\n<a href=\"\/fr\/become-a-dealer\/\" class=\"wp-block-piney-py-button btn\" target=\"_self\" rel=\"noopener\"><p>Devenir revendeur<\/p><svg xmlns=\"http:\/\/www.w3.org\/2000\/svg\" width=\"33.645\" height=\"18.932\" viewbox=\"0 0 33.645 18.932\">  <path id=\"Icon_core-arrow-right\" data-name=\"Icon core-arrow-right\" d=\"M25.3,8.534l-1.591,1.591,6.75,6.75H1.125v2.25H30.462l-6.75,6.75L25.3,27.466,34.769,18Z\" transform=\"translate(-1.125 -8.534)\"><\/path>  <\/svg><\/a>\n<\/div>\n\n\n<div style=\"--slider-pagination-active:var(--py-bc-1);--slider-pagination-not-active:var(--py-bc-1);--slider-arrows:var(--py-bc-1);\" class=\"project-slider wp-block-piney-py-slider\">\n    <div x-data=\"{        init() {            new Splide(this.$refs.splide, {                perPage: 1,                gap: '0.5rem',                type: 'loop',                   autoplay: true,                    interval: 4000,                pauseOnHover: false,                speed: 1000,                     breakpoints: {                    768: {                        perPage: 1,                        drag: false,                        pauseOnHover: true,                    },                },            }).mount()        },    }\">\n        <div x-ref=\"splide\" class=\"splide\" aria-label=\"Slider Splide\"> \n            <div class=\"splide__arrows\"> \n                <button class=\"splide__arrow splide__arrow--prev\">\n                    <svg xmlns=\"http:\/\/www.w3.org\/2000\/svg\" viewbox=\"0 0 24 24\" fill=\"currentColor\" width=\"1em\" height=\"1em\">\n                        <g>\n                            <path fill=\"none\" d=\"M0 0h24v24H0z\"\/>\n                            <path d=\"M10.828 12l4.95 4.95-1.414 1.414L8 12l6.364-6.364 1.414 1.414z\"\/>\n                        <\/g>\n                    <\/svg>\n                <\/button>                 \n                <button class=\"splide__arrow splide__arrow--next\">\n                    <svg xmlns=\"http:\/\/www.w3.org\/2000\/svg\" viewbox=\"0 0 24 24\" fill=\"currentColor\" width=\"1em\" height=\"1em\">\n                        <g>\n                            <path fill=\"none\" d=\"M0 0h24v24H0z\"\/>\n                            <path d=\"M13.172 12l-4.95-4.95 1.414-1.414L16 12l-6.364 6.364-1.414-1.414z\"\/>\n                        <\/g>\n                    <\/svg>\n                <\/button>                 \n            <\/div>\n            <div class=\"splide__track\"> \n                    <ul class=\"splide__list\" >\n                    \n\n<li class=\"wp-block-piney-py-slider-item splide__slide\"> <div>\n<div class=\"py-flex py-gap\" style=\"--py-gap-value:var(--py-content-gap) \/ 2\">\n<img loading=\"lazy\" decoding=\"async\" width=\"1440\" height=\"870\" src=\"https:\/\/corpo.cabico.com\/wp-content\/uploads\/cabicoco-value-slider-1.webp\" class=\"py-image wp-image-5353\" alt=\"cabicoco value slider 1\" srcset=\"https:\/\/corpo.cabico.com\/wp-content\/uploads\/cabicoco-value-slider-1.webp 1440w, https:\/\/corpo.cabico.com\/wp-content\/uploads\/cabicoco-value-slider-1-300x181.webp 300w, https:\/\/corpo.cabico.com\/wp-content\/uploads\/cabicoco-value-slider-1-1024x619.webp 1024w, https:\/\/corpo.cabico.com\/wp-content\/uploads\/cabicoco-value-slider-1-768x464.webp 768w, https:\/\/corpo.cabico.com\/wp-content\/uploads\/cabicoco-value-slider-1-18x12.webp 18w\" sizes=\"auto, (max-width: 1440px) 100vw, 1440px\" \/>\n\n\n<div style=\"--py-gap-value: var(--py-grid-gap);--py-align-items:;\" class=\"py-gap py-grid py-grid-two-tab-m\">\n    <\/div>\n\n\n<div data-pg-name=\"Piney Grid\" class=\"py-gap py-grid py-grid-tab-m\" style=\"--py-gap-value:var(--py-content-gap);--py-grid-template-columns:var(--py-grid-columns);--py-grid-columns-tab-m:minmax(0, 1fr) minmax(0, 2fr)\">\n<h3 class=\"py-text\" style=\"--py-text-color:var(--py-bc-2);--py-font-weight:100;--py-max-width:400px\">Notre fibre humaine : l\u2019extension de vos affaires<\/h3>\n\n\n\n<p class=\"py-text\" style=\"--py-max-width:650px\">Une exp\u00e9rience au-del\u00e0 d\u2019une relation fabricant-d\u00e9taillant. Notre \u00e9quipe proactive et empathique vous supporte \u00e0 tous les \u00e9chelons, au point de devenir partie prenante de vos affaires. Comptez sur nos solutions. Profitez de nos conseils. R\u00e9v\u00e9lez tout votre potentiel.<\/p>\n<\/div>\n<\/div>\n<\/div> <\/li>\n\n\n\n<li class=\"wp-block-piney-py-slider-item splide__slide\"> <div>\n<div class=\"py-flex py-gap\" style=\"--py-gap-value:var(--py-content-gap) \/ 2\">\n<img loading=\"lazy\" decoding=\"async\" width=\"1440\" height=\"870\" src=\"https:\/\/corpo.cabico.com\/wp-content\/uploads\/cabicoco-value-slider-2.webp\" class=\"py-image wp-image-5352\" alt=\"cabicoco value slider 2\" srcset=\"https:\/\/corpo.cabico.com\/wp-content\/uploads\/cabicoco-value-slider-2.webp 1440w, https:\/\/corpo.cabico.com\/wp-content\/uploads\/cabicoco-value-slider-2-300x181.webp 300w, https:\/\/corpo.cabico.com\/wp-content\/uploads\/cabicoco-value-slider-2-1024x619.webp 1024w, https:\/\/corpo.cabico.com\/wp-content\/uploads\/cabicoco-value-slider-2-768x464.webp 768w, https:\/\/corpo.cabico.com\/wp-content\/uploads\/cabicoco-value-slider-2-18x12.webp 18w\" sizes=\"auto, (max-width: 1440px) 100vw, 1440px\" \/>\n\n\n<div style=\"--py-gap-value: var(--py-grid-gap);--py-align-items:;\" class=\"py-gap py-grid py-grid-two-tab-m\">\n    <\/div>\n\n\n<div data-pg-name=\"Piney Grid\" class=\"py-gap py-grid py-grid-tab-m\" style=\"--py-gap-value:var(--py-content-gap);--py-grid-template-columns:var(--py-grid-columns);--py-grid-columns-tab-m:minmax(0, 1fr) minmax(0, 2fr)\">\n<h3 class=\"py-text\" style=\"--py-text-color:var(--py-bc-2);--py-font-weight:100;--py-max-width:400px\">Un concentr\u00e9 d\u2019expertise d\u00e9di\u00e9 \u00e0 votre succ\u00e8s<\/h3>\n\n\n\n<p class=\"py-text\" style=\"--py-max-width:650px\">Nous avons plus de 35 ans de solutions \u00e0 partager; un des concentr\u00e9s d\u2019expertise les plus complets en Am\u00e9rique du Nord. Trouvez la r\u00e9ponse et la solution \u00e0 vos questions. Disposez toujours du bon produit au bon moment. Travaillez avec des outils num\u00e9riques simples et conviviaux.<\/p>\n<\/div>\n<\/div>\n<\/div> <\/li>\n\n\n\n<li class=\"wp-block-piney-py-slider-item splide__slide\"> <div>\n<div class=\"py-flex py-gap\" style=\"--py-gap-value:var(--py-content-gap) \/ 2\">\n<img loading=\"lazy\" decoding=\"async\" width=\"1440\" height=\"870\" src=\"https:\/\/corpo.cabico.com\/wp-content\/uploads\/cabicoco-value-slider-3.webp\" class=\"py-image wp-image-5351\" alt=\"cabicoco value slider 3\" srcset=\"https:\/\/corpo.cabico.com\/wp-content\/uploads\/cabicoco-value-slider-3.webp 1440w, https:\/\/corpo.cabico.com\/wp-content\/uploads\/cabicoco-value-slider-3-300x181.webp 300w, https:\/\/corpo.cabico.com\/wp-content\/uploads\/cabicoco-value-slider-3-1024x619.webp 1024w, https:\/\/corpo.cabico.com\/wp-content\/uploads\/cabicoco-value-slider-3-768x464.webp 768w, https:\/\/corpo.cabico.com\/wp-content\/uploads\/cabicoco-value-slider-3-18x12.webp 18w\" sizes=\"auto, (max-width: 1440px) 100vw, 1440px\" \/>\n\n\n<div style=\"--py-gap-value: var(--py-grid-gap);--py-align-items:;\" class=\"py-gap py-grid py-grid-two-tab-m\">\n    <\/div>\n\n\n<div data-pg-name=\"Piney Grid\" class=\"py-gap py-grid py-grid-tab-m\" style=\"--py-gap-value:var(--py-content-gap);--py-grid-template-columns:var(--py-grid-columns);--py-grid-columns-tab-m:minmax(0, 1fr) minmax(0, 2fr)\">\n<h3 class=\"py-text\" style=\"--py-text-color:var(--py-bc-2);--py-font-weight:100;--py-max-width:400px\">La capacit\u00e9 de production pour r\u00e9pondre \u00e0 vos exigences<\/h3>\n\n\n\n<p class=\"py-text\" style=\"--py-max-width:650px\">Notre production s\u2019appuie sur des processus de contr\u00f4le \u00e9prouv\u00e9s. Projet par projet, notre approche CCT repose sur trois indicateurs cl\u00e9 de votre succ\u00e8s : une commande 100 % compl\u00e8te, 100 % conforme, toujours livr\u00e9e \u00e0 temps.<\/p>\n<\/div>\n<\/div>\n<\/div> <\/li>\n\n\n\n<li class=\"wp-block-piney-py-slider-item splide__slide\"> <div>\n<div class=\"py-flex py-gap\" style=\"--py-gap-value:var(--py-content-gap) \/ 2\">\n<img loading=\"lazy\" decoding=\"async\" width=\"1440\" height=\"870\" src=\"https:\/\/corpo.cabico.com\/wp-content\/uploads\/cabicoco-value-slider-4.webp\" class=\"py-image wp-image-5350\" alt=\"cabicoco value slider 4\" srcset=\"https:\/\/corpo.cabico.com\/wp-content\/uploads\/cabicoco-value-slider-4.webp 1440w, https:\/\/corpo.cabico.com\/wp-content\/uploads\/cabicoco-value-slider-4-300x181.webp 300w, https:\/\/corpo.cabico.com\/wp-content\/uploads\/cabicoco-value-slider-4-1024x619.webp 1024w, https:\/\/corpo.cabico.com\/wp-content\/uploads\/cabicoco-value-slider-4-768x464.webp 768w, https:\/\/corpo.cabico.com\/wp-content\/uploads\/cabicoco-value-slider-4-18x12.webp 18w\" sizes=\"auto, (max-width: 1440px) 100vw, 1440px\" \/>\n\n\n<div style=\"--py-gap-value: var(--py-grid-gap);--py-align-items:;\" class=\"py-gap py-grid py-grid-two-tab-m\">\n    <\/div>\n\n\n<div data-pg-name=\"Piney Grid\" class=\"py-gap py-grid py-grid-tab-m\" style=\"--py-gap-value:var(--py-content-gap);--py-grid-template-columns:var(--py-grid-columns);--py-grid-columns-tab-m:minmax(0, 1fr) minmax(0, 2fr)\">\n<h3 class=\"py-text\" style=\"--py-text-color:var(--py-bc-2);--py-font-weight:100;--py-max-width:400px\">L\u2019ingr\u00e9dient de valeur ajout\u00e9e \u00e0 votre marque<\/h3>\n\n\n\n<p class=\"py-text\" style=\"--py-max-width:650px\">Votre expertise est le design. Notre savoir-faire est la fabrication. Nous \u00e9levons votre marque d\u00e9taillant \u00e0 un niveau sup\u00e9rieur sans jamais la concurrencer. 1+1 = 3\u2026 voil\u00e0 notre conception du partenariat.<\/p>\n<\/div>\n<\/div>\n<\/div> <\/li>\n\n\n\n<li class=\"wp-block-piney-py-slider-item splide__slide\"> <div>\n<div class=\"py-flex py-gap\" style=\"--py-gap-value:var(--py-content-gap) \/ 2\">\n<img loading=\"lazy\" decoding=\"async\" width=\"1440\" height=\"870\" src=\"https:\/\/corpo.cabico.com\/wp-content\/uploads\/cabicoco-value-slider-5.webp\" class=\"py-image wp-image-5349\" alt=\"cabicoco value slider 5\" srcset=\"https:\/\/corpo.cabico.com\/wp-content\/uploads\/cabicoco-value-slider-5.webp 1440w, https:\/\/corpo.cabico.com\/wp-content\/uploads\/cabicoco-value-slider-5-300x181.webp 300w, https:\/\/corpo.cabico.com\/wp-content\/uploads\/cabicoco-value-slider-5-1024x619.webp 1024w, https:\/\/corpo.cabico.com\/wp-content\/uploads\/cabicoco-value-slider-5-768x464.webp 768w, https:\/\/corpo.cabico.com\/wp-content\/uploads\/cabicoco-value-slider-5-18x12.webp 18w\" sizes=\"auto, (max-width: 1440px) 100vw, 1440px\" \/>\n\n\n<div style=\"--py-gap-value: var(--py-grid-gap);--py-align-items:;\" class=\"py-gap py-grid py-grid-two-tab-m\">\n    <\/div>\n\n\n<div data-pg-name=\"Piney Grid\" class=\"py-gap py-grid py-grid-tab-m\" style=\"--py-gap-value:var(--py-content-gap);--py-grid-template-columns:var(--py-grid-columns);--py-grid-columns-tab-m:minmax(0, 1fr) minmax(0, 2fr)\">\n<h3 class=\"py-text\" style=\"--py-text-color:var(--py-bc-2);--py-font-weight:100;--py-max-width:400px\">Le marketing cr\u00e9atif pour g\u00e9n\u00e9rer plus de clients, plus de ventes.<\/h3>\n\n\n\n<p class=\"py-text\" style=\"--py-max-width:650px\">Notre approche s\u2019int\u00e8gre \u00e0 votre mise en march\u00e9 et vos ventes comme partie prenante du parcours client. Nous d\u00e9ployons les plus r\u00e9centes approches et strat\u00e9gies marketing pour attirer plus de consommateurs et g\u00e9n\u00e9rer plus de ventes.<\/p>\n<\/div>\n<\/div>\n<\/div> <\/li>\n\n\n\n<li class=\"wp-block-piney-py-slider-item splide__slide\"> <div>\n<div class=\"py-flex py-gap\" style=\"--py-gap-value:var(--py-content-gap) \/ 2\">\n<img loading=\"lazy\" decoding=\"async\" width=\"1440\" height=\"870\" src=\"https:\/\/corpo.cabico.com\/wp-content\/uploads\/cabicoco-value-slider-6.webp\" class=\"py-image wp-image-5348\" alt=\"cabicoco value slider 6\" srcset=\"https:\/\/corpo.cabico.com\/wp-content\/uploads\/cabicoco-value-slider-6.webp 1440w, https:\/\/corpo.cabico.com\/wp-content\/uploads\/cabicoco-value-slider-6-300x181.webp 300w, https:\/\/corpo.cabico.com\/wp-content\/uploads\/cabicoco-value-slider-6-1024x619.webp 1024w, https:\/\/corpo.cabico.com\/wp-content\/uploads\/cabicoco-value-slider-6-768x464.webp 768w, https:\/\/corpo.cabico.com\/wp-content\/uploads\/cabicoco-value-slider-6-18x12.webp 18w\" sizes=\"auto, (max-width: 1440px) 100vw, 1440px\" \/>\n\n\n<div style=\"--py-gap-value: var(--py-grid-gap);--py-align-items:;\" class=\"py-gap py-grid py-grid-two-tab-m\">\n    <\/div>\n\n\n<div data-pg-name=\"Piney Grid\" class=\"py-gap py-grid py-grid-tab-m\" style=\"--py-gap-value:var(--py-content-gap);--py-grid-template-columns:var(--py-grid-columns);--py-grid-columns-tab-m:minmax(0, 1fr) minmax(0, 2fr)\">\n<h3 class=\"py-text\" style=\"--py-text-color:var(--py-bc-2);--py-font-weight:100;--py-max-width:400px\">Un acteur influent de l\u2019industrie. Une source d\u2019information pertinente.<\/h3>\n\n\n\n<p class=\"py-text\" style=\"--py-max-width:650px\">Nous occupons un r\u00f4le actif au sein des regroupements KCMA, CKCA et MKBA. Ainsi, nous assurons \u00e0 nos d\u00e9taillants un acc\u00e8s \u00e0 une information de qualit\u00e9 et actualis\u00e9e pour une meilleure adaptabilit\u00e9 aux march\u00e9s.<\/p>\n<\/div>\n<\/div>\n<\/div> <\/li>\n\n                <\/ul>                 \n            <\/div>             \n            <ul class=\"splide__pagination\"><\/ul>\n        <\/div>\n    <\/div>\n<\/div><\/div>\n<\/section>","protected":false},"excerpt":{"rendered":"","protected":false},"author":5,"featured_media":5255,"parent":0,"menu_order":0,"comment_status":"closed","ping_status":"closed","template":"","meta":{"_seopress_robots_primary_cat":"","_seopress_titles_title":"Cabico&co \u2013 Business opportunity in custom cabinetry","_seopress_titles_desc":"Are you a kitchen dealer? Team up with a top-tier cabinetmaker for a partnership that\u2019s profitable across the board.","_seopress_robots_index":"","footnotes":""},"class_list":["post-4794","page","type-page","status-publish","has-post-thumbnail","hentry"],"meta_box":[],"_links":{"self":[{"href":"https:\/\/corpo.cabico.com\/fr\/wp-json\/wp\/v2\/pages\/4794","targetHints":{"allow":["GET"]}}],"collection":[{"href":"https:\/\/corpo.cabico.com\/fr\/wp-json\/wp\/v2\/pages"}],"about":[{"href":"https:\/\/corpo.cabico.com\/fr\/wp-json\/wp\/v2\/types\/page"}],"author":[{"embeddable":true,"href":"https:\/\/corpo.cabico.com\/fr\/wp-json\/wp\/v2\/users\/5"}],"replies":[{"embeddable":true,"href":"https:\/\/corpo.cabico.com\/fr\/wp-json\/wp\/v2\/comments?post=4794"}],"version-history":[{"count":5,"href":"https:\/\/corpo.cabico.com\/fr\/wp-json\/wp\/v2\/pages\/4794\/revisions"}],"predecessor-version":[{"id":5661,"href":"https:\/\/corpo.cabico.com\/fr\/wp-json\/wp\/v2\/pages\/4794\/revisions\/5661"}],"wp:featuredmedia":[{"embeddable":true,"href":"https:\/\/corpo.cabico.com\/fr\/wp-json\/wp\/v2\/media\/5255"}],"wp:attachment":[{"href":"https:\/\/corpo.cabico.com\/fr\/wp-json\/wp\/v2\/media?parent=4794"}],"curies":[{"name":"wp","href":"https:\/\/api.w.org\/{rel}","templated":true}]}}