{"id":4774,"date":"2025-02-18T22:45:46","date_gmt":"2025-02-19T03:45:46","guid":{"rendered":"https:\/\/wordpress-403092-5166656.cloudwaysapps.com\/?page_id=4774"},"modified":"2025-03-24T21:50:13","modified_gmt":"2025-03-25T01:50:13","slug":"product-brands","status":"publish","type":"page","link":"https:\/\/corpo.cabico.com\/fr\/product-brands\/","title":{"rendered":"Nos marques produits"},"content":{"rendered":"<section class=\"py-flex py-gap py-section py-background-color-3\" style=\"--py-gap-value:var(--py-section-gap)\">\n<div class=\"py-container py-flex py-gap\" style=\"--py-gap-value:var(--py-container-gap);--py-container-width:1000px\">\n<div class=\"py-flex py-gap\" style=\"--py-gap-value:var(--py-content-gap)\">\n<h1 class=\"py-text\" style=\"--py-text-align:center\">Si diff\u00e9rentes et si semblables.<\/h1>\n\n\n\n<p class=\"py-text\" style=\"--py-text-align:center\">D\u2019entr\u00e9e de gamme \u00e0 haut de gamme, nos marques produits couvrent des segments de march\u00e9s distinctifs et se recoupent \u00e0 la fois sous une m\u00eame expertise de fabricant \u00e0 forte renomm\u00e9e depuis plus de 35 ans.<\/p>\n<\/div>\n<\/div>\n<\/section>\n\n\n\n<section class=\"py-flex py-gap py-section\" style=\"--py-gap-value:var(--py-section-gap)\">\n<div class=\"py-container py-flex py-gap\" style=\"--py-gap-value:var(--py-container-gap);--py-container-width:1000px;--py-align-items:center\"><div style=\"--py-gap-value: var(--py-grid-gap);--py-align-items:flex-start;\" class=\"py-gap py-grid py-grid-two-tab-m\">\n    \n\n<div class=\"py-flex py-gap\" style=\"--py-gap-value:var(--py-content-gap);--py-align-items:flex-start;--py-justify-content:flex-start;max-width:930px\">\n<h2 class=\"py-text\">Cr\u00e9ation haute distinction<\/h2>\n\n\n\n<img decoding=\"async\" src=\"https:\/\/corpo.cabico.com\/wp-content\/uploads\/cabico_logo_rgb-rouge.svg\" class=\"py-image wp-image-5679\" style=\"--py-width:250px\" alt=\"cabico logo rgb rouge\"\/>\n\n\n\n<p class=\"py-text\">Cabico r\u00e9v\u00e8le le caract\u00e8re distinctif des designs les plus cr\u00e9atifs \u00e0 travers une qualit\u00e9 de fabrication irr\u00e9prochable. Mat\u00e9riaux nobles, finis saisissants et textures riches, Cabico inspire la distinction. Cabico concr\u00e9tise avec distinction.<\/p>\n<\/div>\n\n\n\n<div class=\"py-flex py-gap\" style=\"--py-gap-value:var(--py-content-gap);--py-align-items:flex-start;--py-justify-content:flex-start;max-width:930px\">\n<h3 class=\"py-text\">S\u00e9rie Unique<\/h3>\n\n\n\n<p class=\"py-text\">Une totale libert\u00e9 de cr\u00e9ation pour concr\u00e9tiser les projets d\u2019armoires les plus actuels et distinctifs.<\/p>\n\n\n\n<h3 class=\"py-text\"><strong>S\u00e9rie Essence<\/strong><\/h3>\n\n\n\n<p class=\"py-text\">Une s\u00e9lection inspirante de designs, de mat\u00e9riaux et de finis.<br><a href=\"https:\/\/cabico.com\/fr\"><\/a><\/p>\n\n\n\n<a href=\"https:\/\/cabico.com\/fr\" class=\"wp-block-piney-py-button btn\" target=\"_blank\" rel=\"noopener\"><p>D\u00e9couvrez Cabico<\/p><svg xmlns=\"http:\/\/www.w3.org\/2000\/svg\" width=\"33.645\" height=\"18.932\" viewbox=\"0 0 33.645 18.932\">  <path id=\"Icon_core-arrow-right\" data-name=\"Icon core-arrow-right\" d=\"M25.3,8.534l-1.591,1.591,6.75,6.75H1.125v2.25H30.462l-6.75,6.75L25.3,27.466,34.769,18Z\" transform=\"translate(-1.125 -8.534)\"><\/path>  <\/svg><\/a>\n<\/div>\n\n<\/div>\n\n<div style=\"--slider-pagination-active:var(--py-bc-1);--slider-pagination-not-active:var(--py-bc-1);--slider-arrows:var(--py-bc-1);\" class=\"project-slider wp-block-piney-py-slider\">\n    <div x-data=\"{        init() {            new Splide(this.$refs.splide, {                perPage: 1,                gap: '0.5rem',                type: 'loop',                   autoplay: true,                    interval: 4000,                pauseOnHover: false,                speed: 1000,                     breakpoints: {                    768: {                        perPage: 1,                        drag: false,                        pauseOnHover: true,                    },                },            }).mount()        },    }\">\n        <div x-ref=\"splide\" class=\"splide\" aria-label=\"Slider Splide\"> \n            <div class=\"splide__arrows\"> \n                <button class=\"splide__arrow splide__arrow--prev\">\n                    <svg xmlns=\"http:\/\/www.w3.org\/2000\/svg\" viewbox=\"0 0 24 24\" fill=\"currentColor\" width=\"1em\" height=\"1em\">\n                        <g>\n                            <path fill=\"none\" d=\"M0 0h24v24H0z\"\/>\n                            <path d=\"M10.828 12l4.95 4.95-1.414 1.414L8 12l6.364-6.364 1.414 1.414z\"\/>\n                        <\/g>\n                    <\/svg>\n                <\/button>                 \n                <button class=\"splide__arrow splide__arrow--next\">\n                    <svg xmlns=\"http:\/\/www.w3.org\/2000\/svg\" viewbox=\"0 0 24 24\" fill=\"currentColor\" width=\"1em\" height=\"1em\">\n                        <g>\n                            <path fill=\"none\" d=\"M0 0h24v24H0z\"\/>\n                            <path d=\"M13.172 12l-4.95-4.95 1.414-1.414L16 12l-6.364 6.364-1.414-1.414z\"\/>\n                        <\/g>\n                    <\/svg>\n                <\/button>                 \n            <\/div>\n            <div class=\"splide__track\"> \n                    <ul class=\"splide__list\" >\n                    \n\n<li class=\"wp-block-piney-py-slider-item splide__slide\"> <div>\n<div class=\"py-flex py-gap\" style=\"--py-gap-value:var(--py-content-gap);--py-align-items:flex-start\">\n<img loading=\"lazy\" decoding=\"async\" width=\"1440\" height=\"870\" src=\"https:\/\/corpo.cabico.com\/wp-content\/uploads\/cabico_unique_custom_cabinets_kitchen.webp\" class=\"py-image wp-image-5389\" alt=\"cabico unique custom cabinets kitchen\" srcset=\"https:\/\/corpo.cabico.com\/wp-content\/uploads\/cabico_unique_custom_cabinets_kitchen.webp 1440w, https:\/\/corpo.cabico.com\/wp-content\/uploads\/cabico_unique_custom_cabinets_kitchen-300x181.webp 300w, https:\/\/corpo.cabico.com\/wp-content\/uploads\/cabico_unique_custom_cabinets_kitchen-1024x619.webp 1024w, https:\/\/corpo.cabico.com\/wp-content\/uploads\/cabico_unique_custom_cabinets_kitchen-768x464.webp 768w, https:\/\/corpo.cabico.com\/wp-content\/uploads\/cabico_unique_custom_cabinets_kitchen-18x12.webp 18w\" sizes=\"auto, (max-width: 1440px) 100vw, 1440px\" \/>\n\n\n\n<p class=\"py-text\" style=\"--py-text-color:var(--py-bc-1);--py-font-weight:100;--py-max-width:400px\">Cabico S\u00e9rie Unique<br><\/p>\n<\/div>\n<\/div> <\/li>\n\n\n\n<li class=\"wp-block-piney-py-slider-item splide__slide\"> <div>\n<div class=\"py-flex py-gap\" style=\"--py-gap-value:var(--py-content-gap);--py-align-items:flex-start\">\n<img loading=\"lazy\" decoding=\"async\" width=\"1440\" height=\"870\" src=\"https:\/\/corpo.cabico.com\/wp-content\/uploads\/cabico_unique_custom_cabinets_bathroom_drake.webp\" class=\"py-image wp-image-5390\" alt=\"cabico unique custom cabinets bathroom drake\" srcset=\"https:\/\/corpo.cabico.com\/wp-content\/uploads\/cabico_unique_custom_cabinets_bathroom_drake.webp 1440w, https:\/\/corpo.cabico.com\/wp-content\/uploads\/cabico_unique_custom_cabinets_bathroom_drake-300x181.webp 300w, https:\/\/corpo.cabico.com\/wp-content\/uploads\/cabico_unique_custom_cabinets_bathroom_drake-1024x619.webp 1024w, https:\/\/corpo.cabico.com\/wp-content\/uploads\/cabico_unique_custom_cabinets_bathroom_drake-768x464.webp 768w, https:\/\/corpo.cabico.com\/wp-content\/uploads\/cabico_unique_custom_cabinets_bathroom_drake-18x12.webp 18w\" sizes=\"auto, (max-width: 1440px) 100vw, 1440px\" \/>\n\n\n\n<p class=\"py-text\" style=\"--py-text-color:var(--py-bc-1);--py-font-weight:100;--py-max-width:400px\">Cabico S\u00e9rie Unique<br><\/p>\n<\/div>\n<\/div> <\/li>\n\n\n\n<li class=\"wp-block-piney-py-slider-item splide__slide\"> <div>\n<div class=\"py-flex py-gap\" style=\"--py-gap-value:var(--py-content-gap);--py-align-items:flex-start\">\n<img loading=\"lazy\" decoding=\"async\" width=\"1440\" height=\"870\" src=\"https:\/\/corpo.cabico.com\/wp-content\/uploads\/cabico_unique_custom_cabinets_kitchen_oakbayvillage.webp\" class=\"py-image wp-image-5391\" alt=\"cabico unique custom cabinets kitchen oakbayvillage\" srcset=\"https:\/\/corpo.cabico.com\/wp-content\/uploads\/cabico_unique_custom_cabinets_kitchen_oakbayvillage.webp 1440w, https:\/\/corpo.cabico.com\/wp-content\/uploads\/cabico_unique_custom_cabinets_kitchen_oakbayvillage-300x181.webp 300w, https:\/\/corpo.cabico.com\/wp-content\/uploads\/cabico_unique_custom_cabinets_kitchen_oakbayvillage-1024x619.webp 1024w, https:\/\/corpo.cabico.com\/wp-content\/uploads\/cabico_unique_custom_cabinets_kitchen_oakbayvillage-768x464.webp 768w, https:\/\/corpo.cabico.com\/wp-content\/uploads\/cabico_unique_custom_cabinets_kitchen_oakbayvillage-18x12.webp 18w\" sizes=\"auto, (max-width: 1440px) 100vw, 1440px\" \/>\n\n\n\n<p class=\"py-text\" style=\"--py-text-color:var(--py-bc-1);--py-font-weight:100;--py-max-width:400px\">Cabico S\u00e9rie Unique<br><\/p>\n<\/div>\n<\/div> <\/li>\n\n                <\/ul>                 \n            <\/div>             \n            <ul class=\"splide__pagination\"><\/ul>\n        <\/div>\n    <\/div>\n<\/div><\/div>\n<\/section>\n\n\n\n<section class=\"py-flex py-gap py-section py-background-color-black\" style=\"--py-gap-value:var(--py-section-gap)\">\n<div class=\"py-container py-flex py-gap\" style=\"--py-gap-value:var(--py-container-gap);--py-container-width:1000px;--py-align-items:center\"><div style=\"--py-gap-value: var(--py-grid-gap);--py-align-items:flex-start;\" class=\"py-gap py-grid py-grid-two-tab-m\">\n    \n\n<div class=\"py-flex py-gap\" style=\"--py-gap-value:var(--py-content-gap);--py-align-items:flex-start;--py-justify-content:flex-start;max-width:930px\">\n<h2 class=\"py-text\" style=\"--py-text-color:var(--py-white)\">Sublime raffinement<\/h2>\n\n\n\n<img decoding=\"async\" src=\"https:\/\/corpo.cabico.com\/wp-content\/uploads\/elmwood_logo_white.svg\" class=\"py-image wp-image-5696\" style=\"--py-width:250px\" alt=\"elmwood logo white\"\/>\n\n\n\n<p class=\"py-text\" style=\"--py-text-color:var(--py-white)\">Le nec plus ultra des armoires sur mesure. La parfaite symbiose entre richesse de mat\u00e9riaux et geste s\u00fbr de l\u2019artisan \u00e9b\u00e9niste. V\u00e9ritable marque d\u2019avant-garde, Elmwood combine le design, la fonctionnalit\u00e9 et la qualit\u00e9 pour cr\u00e9er le plus complexe et le plus distinctif des chefs-d\u2019oeuvre. Une irr\u00e9prochable qualit\u00e9. Une \u00e9ternelle beaut\u00e9. Une pure cr\u00e9ation.<br><a href=\"https:\/\/elmwoodcabinets.com\/fr\"><\/a><\/p>\n<\/div>\n\n\n\n<div class=\"py-flex py-gap\" style=\"--py-gap-value:var(--py-content-gap);--py-align-items:flex-start;--py-justify-content:flex-start;max-width:930px\">\n<h3 class=\"py-text\" style=\"--py-text-color:var(--py-white)\">S\u00e9rie Unique<\/h3>\n\n\n\n<p class=\"py-text\" style=\"--py-text-color:var(--py-white)\">Une totale libert\u00e9 de cr\u00e9ation pour concr\u00e9tiser les projets d\u2019armoires les plus actuels et distinctifs.<\/p>\n\n\n\n<h3 class=\"py-text\" style=\"--py-text-color:var(--py-white)\"><strong>S\u00e9rie Essence<\/strong><\/h3>\n\n\n\n<p class=\"py-text\" style=\"--py-text-color:var(--py-white)\">Une s\u00e9lection inspirante de designs, de mat\u00e9riaux et de finis.<br><a href=\"https:\/\/cabico.com\/fr\"><\/a><\/p>\n\n\n\n<a href=\"https:\/\/elmwoodcabinets.com\/fr\" class=\"wp-block-piney-py-button btn btn--second\" target=\"_blank\" rel=\"noopener\"><p>D\u00e9couvrez Elmwood<\/p><svg xmlns=\"http:\/\/www.w3.org\/2000\/svg\" width=\"33.645\" height=\"18.932\" viewbox=\"0 0 33.645 18.932\">  <path id=\"Icon_core-arrow-right\" data-name=\"Icon core-arrow-right\" d=\"M25.3,8.534l-1.591,1.591,6.75,6.75H1.125v2.25H30.462l-6.75,6.75L25.3,27.466,34.769,18Z\" transform=\"translate(-1.125 -8.534)\"><\/path>  <\/svg><\/a>\n<\/div>\n\n<\/div>\n\n<div style=\"--slider-pagination-active:var(--py-white);--slider-pagination-not-active:var(--py-white);--slider-arrows:var(--py-white);\" class=\"project-slider wp-block-piney-py-slider\">\n    <div x-data=\"{        init() {            new Splide(this.$refs.splide, {                perPage: 1,                gap: '0.5rem',                type: 'loop',                   autoplay: true,                    interval: 4000,                pauseOnHover: false,                speed: 1000,                     breakpoints: {                    768: {                        perPage: 1,                        drag: false,                        pauseOnHover: true,                    },                },            }).mount()        },    }\">\n        <div x-ref=\"splide\" class=\"splide\" aria-label=\"Slider Splide\"> \n            <div class=\"splide__arrows\"> \n                <button class=\"splide__arrow splide__arrow--prev\">\n                    <svg xmlns=\"http:\/\/www.w3.org\/2000\/svg\" viewbox=\"0 0 24 24\" fill=\"currentColor\" width=\"1em\" height=\"1em\">\n                        <g>\n                            <path fill=\"none\" d=\"M0 0h24v24H0z\"\/>\n                            <path d=\"M10.828 12l4.95 4.95-1.414 1.414L8 12l6.364-6.364 1.414 1.414z\"\/>\n                        <\/g>\n                    <\/svg>\n                <\/button>                 \n                <button class=\"splide__arrow splide__arrow--next\">\n                    <svg xmlns=\"http:\/\/www.w3.org\/2000\/svg\" viewbox=\"0 0 24 24\" fill=\"currentColor\" width=\"1em\" height=\"1em\">\n                        <g>\n                            <path fill=\"none\" d=\"M0 0h24v24H0z\"\/>\n                            <path d=\"M13.172 12l-4.95-4.95 1.414-1.414L16 12l-6.364 6.364-1.414-1.414z\"\/>\n                        <\/g>\n                    <\/svg>\n                <\/button>                 \n            <\/div>\n            <div class=\"splide__track\"> \n                    <ul class=\"splide__list\" >\n                    \n\n<li class=\"wp-block-piney-py-slider-item splide__slide\"> <div>\n<div class=\"py-flex py-gap\" style=\"--py-gap-value:var(--py-content-gap);--py-align-items:flex-start\">\n<img loading=\"lazy\" decoding=\"async\" width=\"1440\" height=\"870\" src=\"https:\/\/corpo.cabico.com\/wp-content\/uploads\/elmwood_wood_cabinets_kitchen_candide.webp\" class=\"py-image wp-image-5395\" alt=\"elmwood wood cabinets kitchen candide\" srcset=\"https:\/\/corpo.cabico.com\/wp-content\/uploads\/elmwood_wood_cabinets_kitchen_candide.webp 1440w, https:\/\/corpo.cabico.com\/wp-content\/uploads\/elmwood_wood_cabinets_kitchen_candide-300x181.webp 300w, https:\/\/corpo.cabico.com\/wp-content\/uploads\/elmwood_wood_cabinets_kitchen_candide-1024x619.webp 1024w, https:\/\/corpo.cabico.com\/wp-content\/uploads\/elmwood_wood_cabinets_kitchen_candide-768x464.webp 768w, https:\/\/corpo.cabico.com\/wp-content\/uploads\/elmwood_wood_cabinets_kitchen_candide-18x12.webp 18w\" sizes=\"auto, (max-width: 1440px) 100vw, 1440px\" \/>\n<\/div>\n<\/div> <\/li>\n\n\n\n<li class=\"wp-block-piney-py-slider-item splide__slide\"> <div>\n<div class=\"py-flex py-gap\" style=\"--py-gap-value:var(--py-content-gap);--py-align-items:flex-start\">\n<img loading=\"lazy\" decoding=\"async\" width=\"1440\" height=\"870\" src=\"https:\/\/corpo.cabico.com\/wp-content\/uploads\/elmwood_wood_cabinets_kitchen_kbis2019.webp\" class=\"py-image wp-image-5394\" alt=\"elmwood wood cabinets kitchen kbis2019\" srcset=\"https:\/\/corpo.cabico.com\/wp-content\/uploads\/elmwood_wood_cabinets_kitchen_kbis2019.webp 1440w, https:\/\/corpo.cabico.com\/wp-content\/uploads\/elmwood_wood_cabinets_kitchen_kbis2019-300x181.webp 300w, https:\/\/corpo.cabico.com\/wp-content\/uploads\/elmwood_wood_cabinets_kitchen_kbis2019-1024x619.webp 1024w, https:\/\/corpo.cabico.com\/wp-content\/uploads\/elmwood_wood_cabinets_kitchen_kbis2019-768x464.webp 768w, https:\/\/corpo.cabico.com\/wp-content\/uploads\/elmwood_wood_cabinets_kitchen_kbis2019-18x12.webp 18w\" sizes=\"auto, (max-width: 1440px) 100vw, 1440px\" \/>\n<\/div>\n<\/div> <\/li>\n\n\n\n<li class=\"wp-block-piney-py-slider-item splide__slide\"> <div>\n<div class=\"py-flex py-gap\" style=\"--py-gap-value:var(--py-content-gap);--py-align-items:flex-start\">\n<img loading=\"lazy\" decoding=\"async\" width=\"1440\" height=\"870\" src=\"https:\/\/corpo.cabico.com\/wp-content\/uploads\/elmwood_wood_cabinets_bathroom_brentwoodbay.webp\" class=\"py-image wp-image-5393\" alt=\"elmwood wood cabinets bathroom brentwoodbay\" srcset=\"https:\/\/corpo.cabico.com\/wp-content\/uploads\/elmwood_wood_cabinets_bathroom_brentwoodbay.webp 1440w, https:\/\/corpo.cabico.com\/wp-content\/uploads\/elmwood_wood_cabinets_bathroom_brentwoodbay-300x181.webp 300w, https:\/\/corpo.cabico.com\/wp-content\/uploads\/elmwood_wood_cabinets_bathroom_brentwoodbay-1024x619.webp 1024w, https:\/\/corpo.cabico.com\/wp-content\/uploads\/elmwood_wood_cabinets_bathroom_brentwoodbay-768x464.webp 768w, https:\/\/corpo.cabico.com\/wp-content\/uploads\/elmwood_wood_cabinets_bathroom_brentwoodbay-18x12.webp 18w\" sizes=\"auto, (max-width: 1440px) 100vw, 1440px\" \/>\n<\/div>\n<\/div> <\/li>\n\n                <\/ul>                 \n            <\/div>             \n            <ul class=\"splide__pagination\"><\/ul>\n        <\/div>\n    <\/div>\n<\/div><\/div>\n<\/section>","protected":false},"excerpt":{"rendered":"","protected":false},"author":5,"featured_media":5350,"parent":0,"menu_order":0,"comment_status":"closed","ping_status":"closed","template":"","meta":{"_seopress_robots_primary_cat":"","_seopress_titles_title":"Cabico&co \u2013 Our acclaimed brands: Cabico and Elmwood","_seopress_titles_desc":"Our Cabico and Elmwood product brands hold enviable positions in multiple segments of the custom cabinetry market. See why.","_seopress_robots_index":"","footnotes":""},"class_list":["post-4774","page","type-page","status-publish","has-post-thumbnail","hentry"],"meta_box":[],"_links":{"self":[{"href":"https:\/\/corpo.cabico.com\/fr\/wp-json\/wp\/v2\/pages\/4774","targetHints":{"allow":["GET"]}}],"collection":[{"href":"https:\/\/corpo.cabico.com\/fr\/wp-json\/wp\/v2\/pages"}],"about":[{"href":"https:\/\/corpo.cabico.com\/fr\/wp-json\/wp\/v2\/types\/page"}],"author":[{"embeddable":true,"href":"https:\/\/corpo.cabico.com\/fr\/wp-json\/wp\/v2\/users\/5"}],"replies":[{"embeddable":true,"href":"https:\/\/corpo.cabico.com\/fr\/wp-json\/wp\/v2\/comments?post=4774"}],"version-history":[{"count":5,"href":"https:\/\/corpo.cabico.com\/fr\/wp-json\/wp\/v2\/pages\/4774\/revisions"}],"predecessor-version":[{"id":5698,"href":"https:\/\/corpo.cabico.com\/fr\/wp-json\/wp\/v2\/pages\/4774\/revisions\/5698"}],"wp:featuredmedia":[{"embeddable":true,"href":"https:\/\/corpo.cabico.com\/fr\/wp-json\/wp\/v2\/media\/5350"}],"wp:attachment":[{"href":"https:\/\/corpo.cabico.com\/fr\/wp-json\/wp\/v2\/media?parent=4774"}],"curies":[{"name":"wp","href":"https:\/\/api.w.org\/{rel}","templated":true}]}}