{"id":4746,"date":"2025-02-18T22:44:19","date_gmt":"2025-02-19T03:44:19","guid":{"rendered":"https:\/\/wordpress-403092-5166656.cloudwaysapps.com\/?page_id=4746"},"modified":"2025-02-21T20:00:11","modified_gmt":"2025-02-22T01:00:11","slug":"about-us","status":"publish","type":"page","link":"https:\/\/corpo.cabico.com\/fr\/about-us\/","title":{"rendered":"\u00c0 propos"},"content":{"rendered":"<section class=\"wp-block-piney-home-hero-section home-hero-section\" style=\"--hero-section-height:600px\"> <img loading=\"lazy\" decoding=\"async\" width=\"1920\" height=\"720\" src=\"https:\/\/corpo.cabico.com\/wp-content\/uploads\/cabicoco-about-header.webp\" class=\"home-hero-bg-img wp-image-5472\" style=\"--hero-section-height:600px\" alt=\"cabicoco about header\" srcset=\"https:\/\/corpo.cabico.com\/wp-content\/uploads\/cabicoco-about-header.webp 1920w, https:\/\/corpo.cabico.com\/wp-content\/uploads\/cabicoco-about-header-300x113.webp 300w, https:\/\/corpo.cabico.com\/wp-content\/uploads\/cabicoco-about-header-1024x384.webp 1024w, https:\/\/corpo.cabico.com\/wp-content\/uploads\/cabicoco-about-header-768x288.webp 768w, https:\/\/corpo.cabico.com\/wp-content\/uploads\/cabicoco-about-header-1536x576.webp 1536w, https:\/\/corpo.cabico.com\/wp-content\/uploads\/cabicoco-about-header-18x7.webp 18w\" sizes=\"auto, (max-width: 1920px) 100vw, 1920px\" \/> <div class=\"py-container\"> <div class=\"home-hero-wrapper\">\n<h1 class=\"py-text\" style=\"--py-max-width:600px\">La fibre humaine : pivot de nos partenariats d\u2019affaires<\/h1>\n<\/div> <\/div> <\/section>\n\n\n\n<section class=\"wp-block-piney-who-we-are-section about-who-we-are\"> <div class=\"py-container\"> <div class=\"about-who-we-are-content\">\n<div class=\"py-flex py-gap\" style=\"--py-gap-value:var(--py-content-gap)\">\n<h2 class=\"py-text\">Qui sommes-nous ?<\/h2>\n\n\n\n<p class=\"py-text\" style=\"--py-font-size:2.4rem\">Nous sommes Cabico&amp;co : l\u2019un des plus importants fabricants d\u2019armoires sur mesure haut de gamme en Am\u00e9rique du Nord.<\/p>\n\n\n\n<p class=\"py-text\">Nos marques de produits Cabico et Elmwood sont des noms de confiance, et ce depuis plus de 35 ans. En compl\u00e9ment de ces marques, nous proposons une gamme compl\u00e8te de services sp\u00e9cialis\u00e9s \u00e0 valeur ajout\u00e9e qui renforcent nos relations avec des d\u00e9taillants s\u00e9lectionn\u00e9s sur l'ensemble du continent.<br><br>La dimension humaine oriente notre exp\u00e9rience client et le travail de nos sp\u00e9cialistes dont le savoir-faire reconnu combine approche artisanale et les plus r\u00e9centes technologies pour r\u00e9aliser des projets haut de gamme d\u2019une grande complexit\u00e9.<\/p>\n<\/div>\n<\/div> <\/div> <img loading=\"lazy\" decoding=\"async\" width=\"1200\" height=\"840\" src=\"https:\/\/corpo.cabico.com\/wp-content\/uploads\/cabicoco-about.webp\" class=\"about-who-we-are-img wp-image-5218\" alt=\"cabicoco about\" srcset=\"https:\/\/corpo.cabico.com\/wp-content\/uploads\/cabicoco-about.webp 1200w, https:\/\/corpo.cabico.com\/wp-content\/uploads\/cabicoco-about-300x210.webp 300w, https:\/\/corpo.cabico.com\/wp-content\/uploads\/cabicoco-about-1024x717.webp 1024w, https:\/\/corpo.cabico.com\/wp-content\/uploads\/cabicoco-about-768x538.webp 768w, https:\/\/corpo.cabico.com\/wp-content\/uploads\/cabicoco-about-18x12.webp 18w\" sizes=\"auto, (max-width: 1200px) 100vw, 1200px\" \/> <\/section>\n\n\n\n<section class=\"py-flex py-gap py-section py-background-color-3\" style=\"--py-gap-value:var(--py-section-gap)\">\n<div class=\"py-container py-flex py-gap\" style=\"--py-gap-value:var(--py-container-gap);--py-container-width:1000px;--py-align-items:center\">\n<div class=\"py-flex py-gap\" style=\"--py-gap-value:var(--py-content-gap);--py-align-items:center;--py-justify-content:center;max-width:930px\">\n<h2 class=\"py-text\" style=\"--py-text-align:center\">Notre fa\u00e7on d\u2019\u00eatre. Notre fa\u00e7on de faire.<\/h2>\n\n\n\n<p class=\"py-text\" style=\"--py-text-align:center\">Notre vision d\u2019affaires s\u2019enracine dans des partenariats solides et profitables qui guident notre qu\u00eate du succ\u00e8s commun. Quatre CO-dimensions animent notre fa\u00e7on de faire et d\u2019\u00eatre, notre diff\u00e9rence comme partenaire de succ\u00e8s.<\/p>\n<\/div>\n\n\n<div style=\"--slider-pagination-active:var(--py-bc-1);--slider-pagination-not-active:var(--py-bc-1);--slider-arrows:var(--py-bc-1);\" class=\"project-slider wp-block-piney-py-slider\">\n    <div x-data=\"{        init() {            new Splide(this.$refs.splide, {                perPage: 1,                gap: '0.5rem',                type: 'loop',                   autoplay: true,                    interval: 4000,                pauseOnHover: false,                speed: 1000,                     breakpoints: {                    768: {                        perPage: 1,                        drag: false,                        pauseOnHover: true,                    },                },            }).mount()        },    }\">\n        <div x-ref=\"splide\" class=\"splide\" aria-label=\"Slider Splide\"> \n            <div class=\"splide__arrows\"> \n                <button class=\"splide__arrow splide__arrow--prev\">\n                    <svg xmlns=\"http:\/\/www.w3.org\/2000\/svg\" viewbox=\"0 0 24 24\" fill=\"currentColor\" width=\"1em\" height=\"1em\">\n                        <g>\n                            <path fill=\"none\" d=\"M0 0h24v24H0z\"\/>\n                            <path d=\"M10.828 12l4.95 4.95-1.414 1.414L8 12l6.364-6.364 1.414 1.414z\"\/>\n                        <\/g>\n                    <\/svg>\n                <\/button>                 \n                <button class=\"splide__arrow splide__arrow--next\">\n                    <svg xmlns=\"http:\/\/www.w3.org\/2000\/svg\" viewbox=\"0 0 24 24\" fill=\"currentColor\" width=\"1em\" height=\"1em\">\n                        <g>\n                            <path fill=\"none\" d=\"M0 0h24v24H0z\"\/>\n                            <path d=\"M13.172 12l-4.95-4.95 1.414-1.414L16 12l-6.364 6.364-1.414-1.414z\"\/>\n                        <\/g>\n                    <\/svg>\n                <\/button>                 \n            <\/div>\n            <div class=\"splide__track\"> \n                    <ul class=\"splide__list\" >\n                    \n\n<li class=\"wp-block-piney-py-slider-item splide__slide\"> <div>\n<div class=\"py-flex py-gap\" style=\"--py-gap-value:var(--py-content-gap) \/ 2\">\n<img loading=\"lazy\" decoding=\"async\" width=\"1440\" height=\"870\" src=\"https:\/\/corpo.cabico.com\/wp-content\/uploads\/cabicoco-about-slider-1.webp\" class=\"py-image wp-image-5318\" alt=\"cabicoco about slider 1\" srcset=\"https:\/\/corpo.cabico.com\/wp-content\/uploads\/cabicoco-about-slider-1.webp 1440w, https:\/\/corpo.cabico.com\/wp-content\/uploads\/cabicoco-about-slider-1-300x181.webp 300w, https:\/\/corpo.cabico.com\/wp-content\/uploads\/cabicoco-about-slider-1-1024x619.webp 1024w, https:\/\/corpo.cabico.com\/wp-content\/uploads\/cabicoco-about-slider-1-768x464.webp 768w, https:\/\/corpo.cabico.com\/wp-content\/uploads\/cabicoco-about-slider-1-18x12.webp 18w\" sizes=\"auto, (max-width: 1440px) 100vw, 1440px\" \/>\n\n\n<div style=\"--py-gap-value: var(--py-grid-gap);--py-align-items:;\" class=\"py-gap py-grid py-grid-two-tab-m\">\n    <\/div>\n\n\n<div data-pg-name=\"Piney Grid\" class=\"py-gap py-grid py-grid-tab-m\" style=\"--py-gap-value:var(--py-content-gap);--py-grid-template-columns:var(--py-grid-columns);--py-grid-columns-tab-m:minmax(0, 1fr) minmax(0, 2fr)\">\n<h3 class=\"py-text\" style=\"--py-text-color:var(--py-bc-2);--py-font-weight:100;--py-max-width:400px\">Un partenariat b\u00e2ti sur la <strong>CO<\/strong>NSID\u00c9RATION<\/h3>\n\n\n\n<p class=\"py-text\" style=\"--py-max-width:650px\">Consid\u00e9ration des pr\u00e9occupations au quotidien, des d\u00e9fis et des vis\u00e9es de chacun. C\u2019est dans cet esprit de consid\u00e9ration que nous pla\u00e7ons la dimension humaine comme pivot d\u2019une exp\u00e9rience client simple et agr\u00e9able. Parce que la consid\u00e9ration est conditionnelle \u00e0 une totale satisfaction.<\/p>\n<\/div>\n<\/div>\n<\/div> <\/li>\n\n\n\n<li class=\"wp-block-piney-py-slider-item splide__slide\"> <div>\n<div class=\"py-flex py-gap\" style=\"--py-gap-value:var(--py-content-gap) \/ 2\">\n<img loading=\"lazy\" decoding=\"async\" width=\"1440\" height=\"870\" src=\"https:\/\/corpo.cabico.com\/wp-content\/uploads\/cabicoco-about-slider-2.webp\" class=\"py-image wp-image-5317\" alt=\"cabicoco about slider 2\" srcset=\"https:\/\/corpo.cabico.com\/wp-content\/uploads\/cabicoco-about-slider-2.webp 1440w, https:\/\/corpo.cabico.com\/wp-content\/uploads\/cabicoco-about-slider-2-300x181.webp 300w, https:\/\/corpo.cabico.com\/wp-content\/uploads\/cabicoco-about-slider-2-1024x619.webp 1024w, https:\/\/corpo.cabico.com\/wp-content\/uploads\/cabicoco-about-slider-2-768x464.webp 768w, https:\/\/corpo.cabico.com\/wp-content\/uploads\/cabicoco-about-slider-2-18x12.webp 18w\" sizes=\"auto, (max-width: 1440px) 100vw, 1440px\" \/>\n\n\n<div style=\"--py-gap-value: var(--py-grid-gap);--py-align-items:;\" class=\"py-gap py-grid py-grid-two-tab-m\">\n    <\/div>\n\n\n<div data-pg-name=\"Piney Grid\" class=\"py-gap py-grid py-grid-tab-m\" style=\"--py-gap-value:var(--py-content-gap);--py-grid-template-columns:var(--py-grid-columns);--py-grid-columns-tab-m:minmax(0, 1fr) minmax(0, 2fr)\">\n<h3 class=\"py-text\" style=\"--py-text-color:var(--py-bc-2);--py-font-weight:100;--py-max-width:400px\">Une promesse de <br><strong>CO<\/strong>NSISTANCE<\/h3>\n\n\n\n<p class=\"py-text\" style=\"--py-max-width:650px\">Pour nous, la constance est indissociable de notre fiert\u00e9. Fiers de la constance de nos op\u00e9rations et de notre qualit\u00e9. Fiers d\u2019une relation d\u2019affaires toujours fluide et rigoureuse. La constance est inh\u00e9rente \u00e0 cette fibre humaine qui nous d\u00e9marque.<\/p>\n<\/div>\n<\/div>\n<\/div> <\/li>\n\n\n\n<li class=\"wp-block-piney-py-slider-item splide__slide\"> <div>\n<div class=\"py-flex py-gap\" style=\"--py-gap-value:var(--py-content-gap) \/ 2\">\n<img loading=\"lazy\" decoding=\"async\" width=\"1440\" height=\"870\" src=\"https:\/\/corpo.cabico.com\/wp-content\/uploads\/cabicoco-about-slider-3.webp\" class=\"py-image wp-image-5316\" alt=\"cabicoco about slider 3\" srcset=\"https:\/\/corpo.cabico.com\/wp-content\/uploads\/cabicoco-about-slider-3.webp 1440w, https:\/\/corpo.cabico.com\/wp-content\/uploads\/cabicoco-about-slider-3-300x181.webp 300w, https:\/\/corpo.cabico.com\/wp-content\/uploads\/cabicoco-about-slider-3-1024x619.webp 1024w, https:\/\/corpo.cabico.com\/wp-content\/uploads\/cabicoco-about-slider-3-768x464.webp 768w, https:\/\/corpo.cabico.com\/wp-content\/uploads\/cabicoco-about-slider-3-18x12.webp 18w\" sizes=\"auto, (max-width: 1440px) 100vw, 1440px\" \/>\n\n\n<div style=\"--py-gap-value: var(--py-grid-gap);--py-align-items:;\" class=\"py-gap py-grid py-grid-two-tab-m\">\n    <\/div>\n\n\n<div data-pg-name=\"Piney Grid\" class=\"py-gap py-grid py-grid-tab-m\" style=\"--py-gap-value:var(--py-content-gap);--py-grid-template-columns:var(--py-grid-columns);--py-grid-columns-tab-m:minmax(0, 1fr) minmax(0, 2fr)\">\n<h3 class=\"py-text\" style=\"--py-text-color:var(--py-bc-2);--py-font-weight:100;--py-max-width:400px\">Une conviction profonde pour la <br><strong>CO<\/strong>CR\u00c9ATION<\/h3>\n\n\n\n<p class=\"py-text\" style=\"--py-max-width:650px\">Si vous pouvez le r\u00eaver, nous pouvons le construire ! La co-cr\u00e9ation est la synergie sp\u00e9ciale que vous obtenez lorsque la flexibilit\u00e9 de la production se traduit par une libert\u00e9 totale de conception - lorsque notre touche humaine devient le prolongement direct de votre intention cr\u00e9ative.<\/p>\n<\/div>\n<\/div>\n<\/div> <\/li>\n\n\n\n<li class=\"wp-block-piney-py-slider-item splide__slide\"> <div>\n<div class=\"py-flex py-gap\" style=\"--py-gap-value:var(--py-content-gap) \/ 2\">\n<img loading=\"lazy\" decoding=\"async\" width=\"1440\" height=\"870\" src=\"https:\/\/corpo.cabico.com\/wp-content\/uploads\/cabicoco-about-slider-4.webp\" class=\"py-image wp-image-5315\" alt=\"cabicoco about slider 4\" srcset=\"https:\/\/corpo.cabico.com\/wp-content\/uploads\/cabicoco-about-slider-4.webp 1440w, https:\/\/corpo.cabico.com\/wp-content\/uploads\/cabicoco-about-slider-4-300x181.webp 300w, https:\/\/corpo.cabico.com\/wp-content\/uploads\/cabicoco-about-slider-4-1024x619.webp 1024w, https:\/\/corpo.cabico.com\/wp-content\/uploads\/cabicoco-about-slider-4-768x464.webp 768w, https:\/\/corpo.cabico.com\/wp-content\/uploads\/cabicoco-about-slider-4-18x12.webp 18w\" sizes=\"auto, (max-width: 1440px) 100vw, 1440px\" \/>\n\n\n<div style=\"--py-gap-value: var(--py-grid-gap);--py-align-items:;\" class=\"py-gap py-grid py-grid-two-tab-m\">\n    <\/div>\n\n\n<div data-pg-name=\"Piney Grid\" class=\"py-gap py-grid py-grid-tab-m\" style=\"--py-gap-value:var(--py-content-gap);--py-grid-template-columns:var(--py-grid-columns);--py-grid-columns-tab-m:minmax(0, 1fr) minmax(0, 2fr)\">\n<h3 class=\"py-text\" style=\"--py-text-color:var(--py-bc-2);--py-font-weight:100;--py-max-width:400px\">Une passion pour apporter une <strong>CO<\/strong>NTRIBUTION<\/h3>\n\n\n\n<p class=\"py-text\" style=\"--py-max-width:650px\">Contribuer \u00e0 votre succ\u00e8s! Mieux encore : notre succ\u00e8s mutuel. Pour y parvenir, la performance \u00e0 tous les \u00e9chelons est notre vecteur. \u00c0 travers le respect, l\u2019esprit d\u2019\u00e9quipe, l\u2019engagement et la fiert\u00e9 d\u2019un travail bien fait, la contribution nourrit nos valeurs de partenaire, anim\u00e9e de notre<\/p>\n<\/div>\n<\/div>\n<\/div> <\/li>\n\n                <\/ul>                 \n            <\/div>             \n            <ul class=\"splide__pagination\"><\/ul>\n        <\/div>\n    <\/div>\n<\/div><\/div>\n<\/section>","protected":false},"excerpt":{"rendered":"","protected":false},"author":5,"featured_media":5472,"parent":0,"menu_order":0,"comment_status":"closed","ping_status":"closed","template":"","meta":{"_seopress_robots_primary_cat":"","_seopress_titles_title":"Cabico&co: Custom Cabinetry with a Human Touch","_seopress_titles_desc":"Discover Cabico&co's renowned custom cabinetry, blending traditional craftsmanship with technology for over 35 years. Partner with us for shared success.","_seopress_robots_index":"","footnotes":""},"class_list":["post-4746","page","type-page","status-publish","has-post-thumbnail","hentry"],"meta_box":[],"_links":{"self":[{"href":"https:\/\/corpo.cabico.com\/fr\/wp-json\/wp\/v2\/pages\/4746","targetHints":{"allow":["GET"]}}],"collection":[{"href":"https:\/\/corpo.cabico.com\/fr\/wp-json\/wp\/v2\/pages"}],"about":[{"href":"https:\/\/corpo.cabico.com\/fr\/wp-json\/wp\/v2\/types\/page"}],"author":[{"embeddable":true,"href":"https:\/\/corpo.cabico.com\/fr\/wp-json\/wp\/v2\/users\/5"}],"replies":[{"embeddable":true,"href":"https:\/\/corpo.cabico.com\/fr\/wp-json\/wp\/v2\/comments?post=4746"}],"version-history":[{"count":5,"href":"https:\/\/corpo.cabico.com\/fr\/wp-json\/wp\/v2\/pages\/4746\/revisions"}],"predecessor-version":[{"id":5648,"href":"https:\/\/corpo.cabico.com\/fr\/wp-json\/wp\/v2\/pages\/4746\/revisions\/5648"}],"wp:featuredmedia":[{"embeddable":true,"href":"https:\/\/corpo.cabico.com\/fr\/wp-json\/wp\/v2\/media\/5472"}],"wp:attachment":[{"href":"https:\/\/corpo.cabico.com\/fr\/wp-json\/wp\/v2\/media?parent=4746"}],"curies":[{"name":"wp","href":"https:\/\/api.w.org\/{rel}","templated":true}]}}