{"id":2,"date":"2022-10-06T18:09:50","date_gmt":"2022-10-06T18:09:50","guid":{"rendered":"https:\/\/wordpress-403092-5166656.cloudwaysapps.com\/?page_id=2"},"modified":"2025-03-24T21:48:55","modified_gmt":"2025-03-25T01:48:55","slug":"home","status":"publish","type":"page","link":"https:\/\/corpo.cabico.com\/fr\/","title":{"rendered":"Home"},"content":{"rendered":"<section class=\"wp-block-piney-home-hero-section home-hero-section\" style=\"--hero-section-height:calc(100vh - 125px)\"> <img loading=\"lazy\" decoding=\"async\" width=\"1920\" height=\"910\" src=\"https:\/\/corpo.cabico.com\/wp-content\/uploads\/cabicoco-home-header.webp\" class=\"home-hero-bg-img wp-image-4988\" style=\"--hero-section-height:calc(100vh - 125px)\" alt=\"cabicoco home header\" srcset=\"https:\/\/corpo.cabico.com\/wp-content\/uploads\/cabicoco-home-header.webp 1920w, https:\/\/corpo.cabico.com\/wp-content\/uploads\/cabicoco-home-header-300x142.webp 300w, https:\/\/corpo.cabico.com\/wp-content\/uploads\/cabicoco-home-header-1024x485.webp 1024w, https:\/\/corpo.cabico.com\/wp-content\/uploads\/cabicoco-home-header-768x364.webp 768w, https:\/\/corpo.cabico.com\/wp-content\/uploads\/cabicoco-home-header-1536x728.webp 1536w, https:\/\/corpo.cabico.com\/wp-content\/uploads\/cabicoco-home-header-18x9.webp 18w\" sizes=\"auto, (max-width: 1920px) 100vw, 1920px\" \/> <div class=\"py-container\"> <div class=\"home-hero-wrapper\">\n<h1 class=\"py-text\" style=\"--py-max-width:550px\">Inspir\u00e9 par le r\u00eave.\nCr\u00e9\u00e9 de main de ma\u00eetre.<\/h1>\n<\/div> <\/div> <\/section>\n\n\n\n<section class=\"py-flex py-gap py-section py-background-color-3\" style=\"--py-gap-value:var(--py-section-gap)\">\n<div class=\"py-container py-flex py-gap\" style=\"--py-gap-value:var(--py-container-gap);--py-container-width:var(--py-container-width-2)\">\n<div class=\"py-flex py-gap\" style=\"--py-gap-value:var(--py-container-gap)\">\n<div class=\"py-flex py-gap\" style=\"--py-gap-value:var(--py-content-gap)\">\n<h2 class=\"py-text\" style=\"--py-text-align:center\">Un partenariat profitable en droite ligne avec vos ambitions d\u2019affaires.<\/h2>\n\n\n\n<p class=\"py-text\" style=\"--py-text-align:center\">Nous vous offrons un partenariat d\u2019affaires fond\u00e9 sur deux des marques d\u2019armoires sur mesure parmi les plus recherch\u00e9es en Am\u00e9rique du Nord : Cabico et Elmwood. Une offre encadr\u00e9e d\u2019une expertise unique dans l\u2019industrie, appuy\u00e9e d\u2019un service et de ressources incomparables qui maximiseront votre performance d\u2019affaires.<br><br>La dimension humaine est au c\u0153ur de notre approche. Elle est la force motrice de notre succ\u00e8s mutuel qui unit notre expertise de fabricant \u00e0 votre cr\u00e9ativit\u00e9 et au r\u00eave de vos clients.<\/p>\n<\/div>\n\n\n\n<div class=\"py-flex py-gap\" style=\"--py-gap-value:var(--py-content-gap);--py-justify-content:center;flex-direction:row;flex-wrap:wrap;\">\n<a href=\"\/fr\/about-us\/\" class=\"wp-block-piney-py-button btn  btn--equal-length\" target=\"_self\" rel=\"noopener\"><p>Plus de d\u00e9tail sur nous<\/p><svg xmlns=\"http:\/\/www.w3.org\/2000\/svg\" width=\"33.645\" height=\"18.932\" viewbox=\"0 0 33.645 18.932\">  <path id=\"Icon_core-arrow-right\" data-name=\"Icon core-arrow-right\" d=\"M25.3,8.534l-1.591,1.591,6.75,6.75H1.125v2.25H30.462l-6.75,6.75L25.3,27.466,34.769,18Z\" transform=\"translate(-1.125 -8.534)\"><\/path>  <\/svg><\/a>\n\n\n\n<a href=\"\/fr\/product-brands\/\" class=\"wp-block-piney-py-button btn  btn--equal-length\" target=\"_self\" rel=\"noopener\"><p>Plus de d\u00e9tail sur nous D\u00e9couvrez nos marques produits<\/p><svg xmlns=\"http:\/\/www.w3.org\/2000\/svg\" width=\"33.645\" height=\"18.932\" viewbox=\"0 0 33.645 18.932\">  <path id=\"Icon_core-arrow-right\" data-name=\"Icon core-arrow-right\" d=\"M25.3,8.534l-1.591,1.591,6.75,6.75H1.125v2.25H30.462l-6.75,6.75L25.3,27.466,34.769,18Z\" transform=\"translate(-1.125 -8.534)\"><\/path>  <\/svg><\/a>\n<\/div>\n<\/div>\n<\/div>\n<\/section>\n\n\n\n<section class=\"wp-block-piney-text-img-section home-jobs\" style=\"position:relative;min-height:clamp(666px, calc(41.625rem + ((1vw - 3.2px) * 11.0714)), 790px)\"> <div class=\"py-container\"> <div class=\"home-jobs-content\">\n<div class=\"py-flex py-gap\" style=\"--py-gap-value:var(--py-content-gap);--py-align-items:flex-start;--py-justify-content:flex-start;max-width:545px\">\n<h2 class=\"py-text\">Vous avez la fibre humaine?\nUn emploi vous attend.<\/h2>\n\n\n\n<p class=\"py-text\">Acc\u00e9dez \u00e0 un univers de production et de services stimulant o\u00f9 la fibre humaine encadre nos fa\u00e7ons de faire et nos fa\u00e7ons d\u2019\u00eatre. O\u00f9 le d\u00e9passement personnel, l\u2019innovation et le travail d\u2019\u00e9quipe animeront votre quotidien.<br><a href=\"https:\/\/corpo.cabico.com\/en\/careers\/\"><\/a><\/p>\n\n\n\n<a href=\"\/fr\/careers\/\" class=\"wp-block-piney-py-button btn\" target=\"_self\" rel=\"noopener\"><p>Parcourez nos emplois!<\/p><svg xmlns=\"http:\/\/www.w3.org\/2000\/svg\" width=\"33.645\" height=\"18.932\" viewbox=\"0 0 33.645 18.932\">  <path id=\"Icon_core-arrow-right\" data-name=\"Icon core-arrow-right\" d=\"M25.3,8.534l-1.591,1.591,6.75,6.75H1.125v2.25H30.462l-6.75,6.75L25.3,27.466,34.769,18Z\" transform=\"translate(-1.125 -8.534)\"><\/path>  <\/svg><\/a>\n<\/div>\n<\/div> <\/div> <img loading=\"lazy\" decoding=\"async\" width=\"1200\" height=\"840\" src=\"https:\/\/corpo.cabico.com\/wp-content\/uploads\/cabicoco-home-people.webp\" class=\"home-jobs-img wp-image-5157\" alt=\"cabicoco home people\" srcset=\"https:\/\/corpo.cabico.com\/wp-content\/uploads\/cabicoco-home-people.webp 1200w, https:\/\/corpo.cabico.com\/wp-content\/uploads\/cabicoco-home-people-300x210.webp 300w, https:\/\/corpo.cabico.com\/wp-content\/uploads\/cabicoco-home-people-1024x717.webp 1024w, https:\/\/corpo.cabico.com\/wp-content\/uploads\/cabicoco-home-people-768x538.webp 768w, https:\/\/corpo.cabico.com\/wp-content\/uploads\/cabicoco-home-people-18x12.webp 18w\" sizes=\"auto, (max-width: 1200px) 100vw, 1200px\" \/> <\/section>\n\n\n\n<section class=\"py-flex py-gap py-section\" style=\"--py-gap-value:var(--py-section-gap)\">\n<div class=\"py-container py-flex py-gap\" style=\"--py-gap-value:var(--py-grid-gap)\">\n<h2 class=\"py-text\">Nos marques produits n\u2019attendent que votre cr\u00e9ativit\u00e9<\/h2>\n\n\n<div style=\"--py-gap-value: var(--py-grid-gap);--py-align-items:;\" class=\"py-gap py-grid py-grid-two-tab-l\">\n    \n\n<div class=\"py-flex py-gap\" style=\"--py-gap-value:var(--py-content-gap);--py-align-items:flex-start;--py-justify-content:space-between\">\n<div class=\"py-flex py-gap\" style=\"--py-gap-value:var(--py-content-gap)\">\n<img decoding=\"async\" src=\"https:\/\/corpo.cabico.com\/wp-content\/uploads\/cabico_logo_rgb-rouge.svg\" class=\"py-image wp-image-5679\" style=\"--py-width:250px\" alt=\"cabico logo rgb rouge\"\/>\n\n\n\n<h3 class=\"py-text\" style=\"--py-font-weight:400\">Cr\u00e9ation haute distinction<\/h3>\n\n\n\n<p class=\"py-text\">Cabico r\u00e9v\u00e8le le caract\u00e8re distinctif des designs les plus cr\u00e9atifs \u00e0 travers une qualit\u00e9 de fabrication irr\u00e9prochable. Mat\u00e9riaux nobles, finis saisissants et textures riches, Cabico inspire la distinction. Cabico concr\u00e9tise avec distinction.<\/p>\n<\/div>\n\n\n\n<a href=\"https:\/\/cabico.com\/fr\" class=\"wp-block-piney-py-button btn\" target=\"_self\" rel=\"noopener\"><p>Visiter le site web<\/p><svg xmlns=\"http:\/\/www.w3.org\/2000\/svg\" width=\"33.645\" height=\"18.932\" viewbox=\"0 0 33.645 18.932\">  <path id=\"Icon_core-arrow-right\" data-name=\"Icon core-arrow-right\" d=\"M25.3,8.534l-1.591,1.591,6.75,6.75H1.125v2.25H30.462l-6.75,6.75L25.3,27.466,34.769,18Z\" transform=\"translate(-1.125 -8.534)\"><\/path>  <\/svg><\/a>\n<\/div>\n\n\n\n<div class=\"py-flex py-gap\" style=\"--py-gap-value:var(--py-content-gap);--py-align-items:flex-start;--py-justify-content:space-between\">\n<div class=\"py-flex py-gap\" style=\"--py-gap-value:var(--py-content-gap)\">\n<img decoding=\"async\" src=\"https:\/\/corpo.cabico.com\/wp-content\/uploads\/elmwood_logo_charcoal_rgb.svg\" class=\"py-image wp-image-5678\" style=\"--py-width:250px\" alt=\"elmwood logo charcoal rgb\"\/>\n\n\n\n<h3 class=\"py-text\" style=\"--py-font-weight:400\">Sublime raffinement<\/h3>\n\n\n\n<p class=\"py-text\">Le nec plus ultra des armoires sur mesure. La parfaite symbiose entre richesse de mat\u00e9riaux et geste s\u00fbr de l\u2019artisan \u00e9b\u00e9niste. V\u00e9ritable marque d\u2019avant-garde, Elmwood combine le design, la fonctionnalit\u00e9 et la qualit\u00e9 pour cr\u00e9er le plus complexe et le plus distinctif des chefs-d\u2019oeuvre. Une irr\u00e9prochable qualit\u00e9. Une \u00e9ternelle beaut\u00e9. Une pure cr\u00e9ation.<\/p>\n<\/div>\n\n\n\n<a href=\"https:\/\/elmwoodcabinets.com\/fr\" class=\"wp-block-piney-py-button btn\" target=\"_self\" rel=\"noopener\"><p>Visiter le site web<\/p><svg xmlns=\"http:\/\/www.w3.org\/2000\/svg\" width=\"33.645\" height=\"18.932\" viewbox=\"0 0 33.645 18.932\">  <path id=\"Icon_core-arrow-right\" data-name=\"Icon core-arrow-right\" d=\"M25.3,8.534l-1.591,1.591,6.75,6.75H1.125v2.25H30.462l-6.75,6.75L25.3,27.466,34.769,18Z\" transform=\"translate(-1.125 -8.534)\"><\/path>  <\/svg><\/a>\n<\/div>\n\n<\/div><\/div>\n<\/section>","protected":false},"excerpt":{"rendered":"","protected":false},"author":5,"featured_media":4988,"parent":0,"menu_order":0,"comment_status":"closed","ping_status":"closed","template":"","meta":{"_seopress_robots_primary_cat":"","_seopress_titles_title":"Cabico&co - Custom cabinets. Custom partnership.","_seopress_titles_desc":"Cabico&co is a leading high-end custom cabinetmaker. Our Cabico and Elmwood brands have enjoyed a solid reputation across North America for over 35 years.","_seopress_robots_index":"","footnotes":""},"class_list":["post-2","page","type-page","status-publish","has-post-thumbnail","hentry"],"meta_box":[],"_links":{"self":[{"href":"https:\/\/corpo.cabico.com\/fr\/wp-json\/wp\/v2\/pages\/2","targetHints":{"allow":["GET"]}}],"collection":[{"href":"https:\/\/corpo.cabico.com\/fr\/wp-json\/wp\/v2\/pages"}],"about":[{"href":"https:\/\/corpo.cabico.com\/fr\/wp-json\/wp\/v2\/types\/page"}],"author":[{"embeddable":true,"href":"https:\/\/corpo.cabico.com\/fr\/wp-json\/wp\/v2\/users\/5"}],"replies":[{"embeddable":true,"href":"https:\/\/corpo.cabico.com\/fr\/wp-json\/wp\/v2\/comments?post=2"}],"version-history":[{"count":5,"href":"https:\/\/corpo.cabico.com\/fr\/wp-json\/wp\/v2\/pages\/2\/revisions"}],"predecessor-version":[{"id":5695,"href":"https:\/\/corpo.cabico.com\/fr\/wp-json\/wp\/v2\/pages\/2\/revisions\/5695"}],"wp:featuredmedia":[{"embeddable":true,"href":"https:\/\/corpo.cabico.com\/fr\/wp-json\/wp\/v2\/media\/4988"}],"wp:attachment":[{"href":"https:\/\/corpo.cabico.com\/fr\/wp-json\/wp\/v2\/media?parent=2"}],"curies":[{"name":"wp","href":"https:\/\/api.w.org\/{rel}","templated":true}]}}